{"id":521,"date":"2018-06-12T14:17:22","date_gmt":"2018-06-12T14:17:22","guid":{"rendered":"https:\/\/themes.getmotopress.com\/alpenhouse\/?page_id=521"},"modified":"2019-07-30T14:02:13","modified_gmt":"2019-07-30T13:02:13","slug":"book-online","status":"publish","type":"page","link":"https:\/\/cro-app.com\/index.php\/book-online\/","title":{"rendered":"Rezervirajte Online"},"content":{"rendered":"<p>Unesite Va\u0161e datume polaska i odlaska kao i broj gostiju i prona\u0111ite apartman koji Vam najvi\u0161e odgovara.<\/p>\n<p style=\"text-align: left;\"><div class=\"mphb_sc_search-wrapper \"><form method=\"GET\" class=\"mphb_sc_search-form\" action=\"https:\/\/cro-app.com\/index.php\/search-results\/\">\r\n\r\n\t<p class = \"mphb-required-fields-tip\">\r\n\t<small>\r\n\t\tObavezna polja su ozna\u010dena s\t\t<abbr title=\"required\">*<\/abbr>\r\n\t<\/small>\r\n<\/p>\r\n\t<p class=\"mphb_sc_search-check-in-date\">\r\n\t\t<label for=\"mphb_check_in_date-mphb-search-form-69d2855b9d397\">\r\n\t\t\tDolazak\t\t\t<abbr title=\"Oblikovano kao dd\/mm\/yyyy\">*<\/abbr>\r\n\t\t<\/label>\r\n\t\t<br \/>\r\n\t\t<input\r\n\t\t\tid=\"mphb_check_in_date-mphb-search-form-69d2855b9d397\"\r\n\t\t\tdata-datepick-group=\"mphb-search-form-69d2855b9d397\"\r\n\t\t\tvalue=\"\"\r\n\t\t\tplaceholder=\"Datum Dolaska\"\r\n\t\t\trequired=\"required\"\r\n\t\t\ttype=\"text\"\r\n\t\t\tname=\"mphb_check_in_date\"\r\n\t\t\tclass=\"mphb-datepick\"\r\n\t\t\tautocomplete=\"off\"\r\n\t\t\t\/>\r\n\t<\/p>\r\n\r\n\t<p class=\"mphb_sc_search-check-out-date\">\r\n\t\t<label for=\"mphb_check_out_date-mphb-search-form-69d2855b9d397\">\r\n\t\t\tOdlazak\t\t\t<abbr title=\"Oblikovano kao dd\/mm\/yyyy\">*<\/abbr>\r\n\t\t<\/label>\r\n\t\t<br \/>\r\n\t\t<input\r\n\t\t\tid=\"mphb_check_out_date-mphb-search-form-69d2855b9d397\"\r\n\t\t\tdata-datepick-group=\"mphb-search-form-69d2855b9d397\"\r\n\t\t\tvalue=\"\"\r\n\t\t\tplaceholder=\"Datum Odlaska\"\r\n\t\t\trequired=\"required\"\r\n\t\t\ttype=\"text\"\r\n\t\t\tname=\"mphb_check_out_date\"\r\n\t\t\tclass=\"mphb-datepick\"\r\n\t\t\tautocomplete=\"off\"\r\n\t\t\t\/>\r\n\t<\/p>\r\n\r\n\t\t\t<p class=\"mphb_sc_search-adults\">\r\n\t\t\t<label for=\"mphb_adults-mphb-search-form-69d2855b9d397\">\r\n\t\t\t\tBroj gostiju\t\t\t<\/label>\r\n\t\t\t<br \/>\r\n\t\t\t<select id=\"mphb_adults-mphb-search-form-69d2855b9d397\" name=\"mphb_adults\" >\r\n\t\t\t\t\t\t\t\t\t<option value=\"1\"  selected='selected'>1<\/option>\r\n\t\t\t\t\t\t\t\t\t<option value=\"2\" >2<\/option>\r\n\t\t\t\t\t\t\t\t\t<option value=\"3\" >3<\/option>\r\n\t\t\t\t\t\t\t\t\t<option value=\"4\" >4<\/option>\r\n\t\t\t\t\t\t\t<\/select>\r\n\t\t<\/p>\r\n\t\r\n\t\t\t<input type=\"hidden\" id=\"mphb_children-mphb-search-form-69d2855b9d397\" name=\"mphb_children\" value=\"0\" \/>\r\n\t\r\n\t\r\n\t\r\n\t<input id=\"mphb_check_in_date-mphb-search-form-69d2855b9d397-hidden\" value=\"\" type=\"hidden\" name=\"mphb_check_in_date\" \/><input id=\"mphb_check_out_date-mphb-search-form-69d2855b9d397-hidden\" value=\"\" type=\"hidden\" name=\"mphb_check_out_date\" \/>\r\n\t<p class=\"mphb_sc_search-submit-button-wrapper\">\r\n\t\t<input type=\"submit\" class=\"button\" value=\"Pretra\u017eite\"\/>\r\n\t<\/p>\r\n\r\n\t\r\n<\/form><\/div><\/p>\n","protected":false},"excerpt":{"rendered":"<p>Unesite Va\u0161e datume polaska i odlaska kao i broj gostiju i prona\u0111ite apartman koji Vam najvi\u0161e odgovara.<\/p>\n","protected":false},"author":1,"featured_media":0,"parent":0,"menu_order":0,"comment_status":"closed","ping_status":"closed","template":"template-boxed.php","meta":{"footnotes":""},"class_list":["post-521","page","type-page","status-publish","hentry"],"_links":{"self":[{"href":"https:\/\/cro-app.com\/index.php\/wp-json\/wp\/v2\/pages\/521","targetHints":{"allow":["GET"]}}],"collection":[{"href":"https:\/\/cro-app.com\/index.php\/wp-json\/wp\/v2\/pages"}],"about":[{"href":"https:\/\/cro-app.com\/index.php\/wp-json\/wp\/v2\/types\/page"}],"author":[{"embeddable":true,"href":"https:\/\/cro-app.com\/index.php\/wp-json\/wp\/v2\/users\/1"}],"replies":[{"embeddable":true,"href":"https:\/\/cro-app.com\/index.php\/wp-json\/wp\/v2\/comments?post=521"}],"version-history":[{"count":1,"href":"https:\/\/cro-app.com\/index.php\/wp-json\/wp\/v2\/pages\/521\/revisions"}],"predecessor-version":[{"id":793,"href":"https:\/\/cro-app.com\/index.php\/wp-json\/wp\/v2\/pages\/521\/revisions\/793"}],"wp:attachment":[{"href":"https:\/\/cro-app.com\/index.php\/wp-json\/wp\/v2\/media?parent=521"}],"curies":[{"name":"wp","href":"https:\/\/api.w.org\/{rel}","templated":true}]}}