{"id":3,"date":"2019-07-30T11:05:11","date_gmt":"2019-07-30T11:05:11","guid":{"rendered":"http:\/\/cro-app.com\/?page_id=3"},"modified":"2019-07-30T16:07:12","modified_gmt":"2019-07-30T15:07:12","slug":"privacy-policy","status":"publish","type":"page","link":"https:\/\/cro-app.com\/index.php\/privacy-policy\/","title":{"rendered":"Uvjeti i pravila kori\u0161tenja"},"content":{"rendered":"\n<h2 class=\"wp-block-heading\">Tko smo mi?<\/h2>\n\n\n\n<p>Adresa na\u0161eg web-sajta je: http:\/\/cro-app.com.<br>Poslujemo pod imenom &#8220;Kostrena Apartmani&#8221;.<br>&#8220;Kostrena Apartmani&#8221; je firma koja nudi kupcima povoljni smje\u0161taj uz obalu mora. <\/p>\n\n\n\n<p>&#8220;Kostrena Apartmani&#8221; prikuplja privatne podatke svojih kupaca radi \u0161to boljeg iskustva kupaca, procesiranja tranakcija, slanja e-mail poruka i pobolj\u0161anja na\u0161eg web-sajta.<\/p>\n\n\n\n<h2 class=\"wp-block-heading\">Koje privatne podatke mi \u010duvamo i za\u0161to ih \u010duvamo?<\/h2>\n\n\n\n<p>Mi \u010duvamo podatke koje nam kupac dostavi prilikom rezervacije apartmana. Ti podaci su:<br>-imena i prezimena kupaca<br>-e-mail adrese kupaca<br>-brojeve telefona kupaca<br>-dr\u017eave iz kojih kupci dolaze<br>-dodatne bjele\u0161ke koje kupci imaju<br><\/p>\n\n\n\n<h3 class=\"wp-block-heading\">Koliko dugo mi \u010duvamo podatke?<\/h3>\n\n\n\n<p>&#8220;Kostrena Apartmani&#8221; ne \u010duva privatne podatke svojih kupaca du\u017ee nego \u0161to je to neophodno. Mi \u010duvamo podatke kupaca dokle god su oni na\u0161i kupci usluga ili proizvoda.<\/p>\n\n\n\n<p>An anonymized string created from your email address (also called a hash) may be provided to the Gravatar service to see if you are using it. The Gravatar service privacy policy is available here: https:\/\/automattic.com\/privacy\/. After approval of your comment, your profile picture is visible to the public in the context of your comment.<\/p>\n\n\n\n<h3 class=\"wp-block-heading\">Kako netko mo\u017ee da prikupi podatke koje mi \u010duvamo?<\/h3>\n\n\n\n<p>&#8220;Kostrena Apartmani&#8221; je u mogu\u0107nosti da prilo\u017ei podatke kupaca u slu\u010daju da oni to \u017eele i da prilo\u017ee neki vid identifikacije. Za dodatne informacije, molimo Vas po\u0161aljite e-mail na marketing@cro-app.com.<\/p>\n\n\n\n<h3 class=\"wp-block-heading\">Kako netko mo\u017ee da zahteva brisanje podataka iz na\u0161e baze?<\/h3>\n\n\n\n<p>&#8220;Kostrena Apartmani&#8221; pru\u017ea pravo da netko &#8216;bude zaboravljen&#8217;. Mi \u0107emo obrisat sve privatne podatke kupaca koji \u017eele da to uradimo. Za dodatne informacije, molimo Vas po\u0161aljite e-mail na marketing@cro-app.com. <\/p>\n\n\n\n<h3 class=\"wp-block-heading\">Kola\u010di\u0107i<\/h3>\n\n\n\n<p>Web-sajt firme &#8220;Kostrena Apartmani&#8221; koristi tzv. &#8216;kola\u010di\u0107e&#8217;. Kola\u010di\u0107i su sitni podaci koji se prikupljaju prilikom posete korisnika na web-sajt. Oni sadr\u017ee informacije o iskustvu kupaca na na\u0161em web-sajtu i koriste se za usavr\u0161avanje iskustva svih korisnika koji pristupe web-sajtu.<\/p>\n\n\n\n<h3 class=\"wp-block-heading\">Linkovi ka ostalim web-sajtovima<\/h3>\n\n\n\n<p>&#8220;Kostrena Apartmani&#8221; sadr\u017ei linkove ka drugim web-sajtovima kojima ona ne upravlja. Molimo sve korisnike da budu oprezni prilikom pristupanja istim. Mi ne preuzimamo nikakve odgovornosti za to\u010dnost informacija ili iskustvo svojih korisnika na drugim web-sajtovima. <\/p>\n\n\n\n<h3 class=\"wp-block-heading\">Imate neko dodatno pitanje?<\/h3>\n\n\n\n<p>Po\u0161aljite nam e-mail na marketing@cro-app.com ili nas kontaktirajte putem <a href=\"http:\/\/cro-app.com\/index.php\/contacts\/\">Kontakt forme<\/a>.<\/p>\n","protected":false},"excerpt":{"rendered":"<p>Tko smo mi? Adresa na\u0161eg web-sajta je: http:\/\/cro-app.com.Poslujemo pod imenom &#8220;Kostrena Apartmani&#8221;.&#8220;Kostrena Apartmani&#8221; je firma koja nudi kupcima povoljni smje\u0161taj uz obalu mora. &#8220;Kostrena Apartmani&#8221; prikuplja privatne podatke svojih kupaca radi \u0161to boljeg iskustva kupaca, procesiranja tranakcija, slanja e-mail poruka i pobolj\u0161anja na\u0161eg web-sajta. Koje privatne podatke mi \u010duvamo i za\u0161to ih \u010duvamo? Mi \u010duvamo [&hellip;]<\/p>\n","protected":false},"author":1,"featured_media":0,"parent":0,"menu_order":0,"comment_status":"closed","ping_status":"open","template":"","meta":{"footnotes":""},"class_list":["post-3","page","type-page","status-publish","hentry"],"_links":{"self":[{"href":"https:\/\/cro-app.com\/index.php\/wp-json\/wp\/v2\/pages\/3","targetHints":{"allow":["GET"]}}],"collection":[{"href":"https:\/\/cro-app.com\/index.php\/wp-json\/wp\/v2\/pages"}],"about":[{"href":"https:\/\/cro-app.com\/index.php\/wp-json\/wp\/v2\/types\/page"}],"author":[{"embeddable":true,"href":"https:\/\/cro-app.com\/index.php\/wp-json\/wp\/v2\/users\/1"}],"replies":[{"embeddable":true,"href":"https:\/\/cro-app.com\/index.php\/wp-json\/wp\/v2\/comments?post=3"}],"version-history":[{"count":2,"href":"https:\/\/cro-app.com\/index.php\/wp-json\/wp\/v2\/pages\/3\/revisions"}],"predecessor-version":[{"id":813,"href":"https:\/\/cro-app.com\/index.php\/wp-json\/wp\/v2\/pages\/3\/revisions\/813"}],"wp:attachment":[{"href":"https:\/\/cro-app.com\/index.php\/wp-json\/wp\/v2\/media?parent=3"}],"curies":[{"name":"wp","href":"https:\/\/api.w.org\/{rel}","templated":true}]}}